{"id":43,"date":"2022-02-03T23:16:34","date_gmt":"2022-02-03T22:16:34","guid":{"rendered":"https:\/\/www.hollatz-beratung.de\/hollatz\/?page_id=43"},"modified":"2022-05-07T20:15:42","modified_gmt":"2022-05-07T18:15:42","slug":"unternehmen","status":"publish","type":"page","link":"https:\/\/www.hollatz-beratung.de\/?page_id=43","title":{"rendered":"Unternehmen"},"content":{"rendered":"\n<div class=\"wp-block-cover\" style=\"min-height:117px;aspect-ratio:unset;\"><span aria-hidden=\"true\" class=\"has-background-dim-0 wp-block-cover__gradient-background has-background-dim\"><\/span><img loading=\"lazy\" decoding=\"async\" width=\"1824\" height=\"1004\" class=\"wp-block-cover__image-background wp-image-215\" alt=\"\" src=\"https:\/\/www.hollatz-beratung.de\/hollatz\/wp-content\/uploads\/2022\/05\/DSCF2008-Kopie.jpg\" data-object-fit=\"cover\" srcset=\"https:\/\/www.hollatz-beratung.de\/hollatz\/wp-content\/uploads\/2022\/05\/DSCF2008-Kopie.jpg 1824w, https:\/\/www.hollatz-beratung.de\/hollatz\/wp-content\/uploads\/2022\/05\/DSCF2008-Kopie-300x165.jpg 300w, https:\/\/www.hollatz-beratung.de\/hollatz\/wp-content\/uploads\/2022\/05\/DSCF2008-Kopie-1024x564.jpg 1024w, https:\/\/www.hollatz-beratung.de\/hollatz\/wp-content\/uploads\/2022\/05\/DSCF2008-Kopie-768x423.jpg 768w, https:\/\/www.hollatz-beratung.de\/hollatz\/wp-content\/uploads\/2022\/05\/DSCF2008-Kopie-1536x845.jpg 1536w\" sizes=\"auto, (max-width: 1824px) 100vw, 1824px\" \/><div class=\"wp-block-cover__inner-container is-layout-flow wp-block-cover-is-layout-flow\">\n<p class=\"has-text-align-center has-large-font-size\"><\/p>\n<\/div><\/div>\n\n\n\n<div style=\"height:100px\" aria-hidden=\"true\" class=\"wp-block-spacer\"><\/div>\n\n\n<style>.kt-accordion-id_4102cb-7a .kt-accordion-inner-wrap{column-gap:var(--global-kb-gap-md, 2rem);row-gap:10px;}.kt-accordion-id_4102cb-7a .kt-accordion-panel-inner{border-top-width:0px;border-right-width:1px;border-bottom-width:1px;border-left-width:1px;background:#ffffff;padding-top:var(--global-kb-spacing-sm, 1.5rem);padding-right:var(--global-kb-spacing-sm, 1.5rem);padding-bottom:var(--global-kb-spacing-sm, 1.5rem);padding-left:var(--global-kb-spacing-sm, 1.5rem);}.kt-accordion-id_4102cb-7a > .kt-accordion-inner-wrap > .wp-block-kadence-pane > .kt-accordion-header-wrap > .kt-blocks-accordion-header{border-top-color:#eeeeee;border-right-color:#eeeeee;border-bottom-color:#eeeeee;border-left-color:#eeeeee;border-top-width:1px;border-right-width:1px;border-bottom-width:1px;border-left-width:2px;border-top-left-radius:0px;border-top-right-radius:0px;border-bottom-right-radius:0px;border-bottom-left-radius:0px;background:rgba(47,90,174,0.13);font-size:18px;line-height:24px;color:#444444;padding-top:14px;padding-right:16px;padding-bottom:14px;padding-left:16px;}.kt-accordion-id_4102cb-7a:not( .kt-accodion-icon-style-basiccircle ):not( .kt-accodion-icon-style-xclosecircle ):not( .kt-accodion-icon-style-arrowcircle )  > .kt-accordion-inner-wrap > .wp-block-kadence-pane > .kt-accordion-header-wrap .kt-blocks-accordion-icon-trigger:after, .kt-accordion-id_4102cb-7a:not( .kt-accodion-icon-style-basiccircle ):not( .kt-accodion-icon-style-xclosecircle ):not( .kt-accodion-icon-style-arrowcircle )  > .kt-accordion-inner-wrap > .wp-block-kadence-pane > .kt-accordion-header-wrap .kt-blocks-accordion-icon-trigger:before{background:#444444;}.kt-accordion-id_4102cb-7a:not( .kt-accodion-icon-style-basic ):not( .kt-accodion-icon-style-xclose ):not( .kt-accodion-icon-style-arrow ) .kt-blocks-accordion-icon-trigger{background:#444444;}.kt-accordion-id_4102cb-7a:not( .kt-accodion-icon-style-basic ):not( .kt-accodion-icon-style-xclose ):not( .kt-accodion-icon-style-arrow ) .kt-blocks-accordion-icon-trigger:after, .kt-accordion-id_4102cb-7a:not( .kt-accodion-icon-style-basic ):not( .kt-accodion-icon-style-xclose ):not( .kt-accodion-icon-style-arrow ) .kt-blocks-accordion-icon-trigger:before{background:rgba(47,90,174,0.13);}.kt-accordion-id_4102cb-7a > .kt-accordion-inner-wrap > .wp-block-kadence-pane > .kt-accordion-header-wrap > .kt-blocks-accordion-header:hover, \n\t\t\t\tbody:not(.hide-focus-outline) .kt-accordion-id_4102cb-7a .kt-blocks-accordion-header:focus-visible{color:var(--nv-site-bg);background:#0458a6;border-top-color:#d4d4d4;border-right-color:#d4d4d4;border-bottom-color:#d4d4d4;border-left-color:#d4d4d4;}.kt-accordion-id_4102cb-7a:not( .kt-accodion-icon-style-basiccircle ):not( .kt-accodion-icon-style-xclosecircle ):not( .kt-accodion-icon-style-arrowcircle ) .kt-accordion-header-wrap .kt-blocks-accordion-header:hover .kt-blocks-accordion-icon-trigger:after, .kt-accordion-id_4102cb-7a:not( .kt-accodion-icon-style-basiccircle ):not( .kt-accodion-icon-style-xclosecircle ):not( .kt-accodion-icon-style-arrowcircle ) .kt-accordion-header-wrap .kt-blocks-accordion-header:hover .kt-blocks-accordion-icon-trigger:before, body:not(.hide-focus-outline) .kt-accordion-id_4102cb-7a:not( .kt-accodion-icon-style-basiccircle ):not( .kt-accodion-icon-style-xclosecircle ):not( .kt-accodion-icon-style-arrowcircle ) .kt-blocks-accordion--visible .kt-blocks-accordion-icon-trigger:after, body:not(.hide-focus-outline) .kt-accordion-id_4102cb-7a:not( .kt-accodion-icon-style-basiccircle ):not( .kt-accodion-icon-style-xclosecircle ):not( .kt-accodion-icon-style-arrowcircle ) .kt-blocks-accordion-header:focus-visible .kt-blocks-accordion-icon-trigger:before{background:var(--nv-site-bg);}.kt-accordion-id_4102cb-7a:not( .kt-accodion-icon-style-basic ):not( .kt-accodion-icon-style-xclose ):not( .kt-accodion-icon-style-arrow ) .kt-accordion-header-wrap .kt-blocks-accordion-header:hover .kt-blocks-accordion-icon-trigger, body:not(.hide-focus-outline) .kt-accordion-id_4102cb-7a:not( .kt-accodion-icon-style-basic ):not( .kt-accodion-icon-style-xclose ):not( .kt-accodion-icon-style-arrow ) .kt-accordion-header-wrap .kt-blocks-accordion-header:focus-visible .kt-blocks-accordion-icon-trigger{background:var(--nv-site-bg);}.kt-accordion-id_4102cb-7a:not( .kt-accodion-icon-style-basic ):not( .kt-accodion-icon-style-xclose ):not( .kt-accodion-icon-style-arrow ) .kt-accordion-header-wrap .kt-blocks-accordion-header:hover .kt-blocks-accordion-icon-trigger:after, .kt-accordion-id_4102cb-7a:not( .kt-accodion-icon-style-basic ):not( .kt-accodion-icon-style-xclose ):not( .kt-accodion-icon-style-arrow ) .kt-accordion-header-wrap .kt-blocks-accordion-header:hover .kt-blocks-accordion-icon-trigger:before, body:not(.hide-focus-outline) .kt-accordion-id_4102cb-7a:not( .kt-accodion-icon-style-basic ):not( .kt-accodion-icon-style-xclose ):not( .kt-accodion-icon-style-arrow ) .kt-accordion-header-wrap .kt-blocks-accordion-header:focus-visible .kt-blocks-accordion-icon-trigger:after, body:not(.hide-focus-outline) .kt-accordion-id_4102cb-7a:not( .kt-accodion-icon-style-basic ):not( .kt-accodion-icon-style-xclose ):not( .kt-accodion-icon-style-arrow ) .kt-accordion-header-wrap .kt-blocks-accordion-header:focus-visible .kt-blocks-accordion-icon-trigger:before{background:#0458a6;}.kt-accordion-id_4102cb-7a .kt-accordion-header-wrap .kt-blocks-accordion-header:focus-visible,\n\t\t\t\t.kt-accordion-id_4102cb-7a > .kt-accordion-inner-wrap > .wp-block-kadence-pane > .kt-accordion-header-wrap > .kt-blocks-accordion-header.kt-accordion-panel-active{color:var(--nv-site-bg);background:#0458a6;border-top-color:#eeeeee;border-right-color:#eeeeee;border-bottom-color:#eeeeee;border-left-color:#0e9cd1;}.kt-accordion-id_4102cb-7a:not( .kt-accodion-icon-style-basiccircle ):not( .kt-accodion-icon-style-xclosecircle ):not( .kt-accodion-icon-style-arrowcircle )  > .kt-accordion-inner-wrap > .wp-block-kadence-pane > .kt-accordion-header-wrap > .kt-blocks-accordion-header.kt-accordion-panel-active .kt-blocks-accordion-icon-trigger:after, .kt-accordion-id_4102cb-7a:not( .kt-accodion-icon-style-basiccircle ):not( .kt-accodion-icon-style-xclosecircle ):not( .kt-accodion-icon-style-arrowcircle )  > .kt-accordion-inner-wrap > .wp-block-kadence-pane > .kt-accordion-header-wrap > .kt-blocks-accordion-header.kt-accordion-panel-active .kt-blocks-accordion-icon-trigger:before{background:var(--nv-site-bg);}.kt-accordion-id_4102cb-7a:not( .kt-accodion-icon-style-basic ):not( .kt-accodion-icon-style-xclose ):not( .kt-accodion-icon-style-arrow ) .kt-blocks-accordion-header.kt-accordion-panel-active .kt-blocks-accordion-icon-trigger{background:var(--nv-site-bg);}.kt-accordion-id_4102cb-7a:not( .kt-accodion-icon-style-basic ):not( .kt-accodion-icon-style-xclose ):not( .kt-accodion-icon-style-arrow ) .kt-blocks-accordion-header.kt-accordion-panel-active .kt-blocks-accordion-icon-trigger:after, .kt-accordion-id_4102cb-7a:not( .kt-accodion-icon-style-basic ):not( .kt-accodion-icon-style-xclose ):not( .kt-accodion-icon-style-arrow ) .kt-blocks-accordion-header.kt-accordion-panel-active .kt-blocks-accordion-icon-trigger:before{background:#0458a6;}@media all and (max-width: 767px){.kt-accordion-id_4102cb-7a .kt-accordion-inner-wrap{display:block;}.kt-accordion-id_4102cb-7a .kt-accordion-inner-wrap .kt-accordion-pane:not(:first-child){margin-top:10px;}}<\/style>\n<div class=\"wp-block-kadence-accordion alignnone\"><div class=\"kt-accordion-wrap kt-accordion-wrap kt-accordion-id_4102cb-7a kt-accordion-has-11-panes kt-active-pane-0 kt-accordion-block kt-pane-header-alignment-left kt-accodion-icon-style-arrow kt-accodion-icon-side-right\" style=\"max-width:none\"><div class=\"kt-accordion-inner-wrap\" data-allow-multiple-open=\"false\" data-start-open=\"none\">\n<div class=\"wp-block-kadence-pane kt-accordion-pane kt-accordion-pane-1 kt-pane_1a72f8-23\"><div class=\"kt-accordion-header-wrap\"><button class=\"kt-blocks-accordion-header kt-acccordion-button-label-show\"><span class=\"kt-blocks-accordion-title-wrap\"><span class=\"kt-blocks-accordion-title\">das Unternehmen<\/span><\/span><span class=\"kt-blocks-accordion-icon-trigger\"><\/span><\/button><\/div><div class=\"kt-accordion-panel kt-accordion-panel-hidden\"><div class=\"kt-accordion-panel-inner\">\n<p>Seit 1995 sind wir als Dienstleister f\u00fcr Unternehmen aus verschiedenen Branchen t\u00e4tig. Wir haben uns auf die individuelle Beratung von Unternehmen spezialisiert. Unsere Kunden kommen haupts\u00e4chlich aus<\/p>\n\n\n\n<p>Industrie \/ \u00f6ffentlicher Wasserversorgung&nbsp;\/ Strom- und Gasversorgung \/ Abwasserbeseitigung \/ kommunalen Einrichtungen.<\/p>\n\n\n\n<p>Wir beraten die Betriebe und Einrichtungen mit dem Ziel der Optimierung der betrieblichen Abl\u00e4ufe und der Steigerung der Leistungsf\u00e4higkeit. Wir beraten herstellerneutral, produktneutral und unabh\u00e4ngig. <\/p>\n\n\n\n<div class=\"wp-block-columns is-layout-flex wp-container-core-columns-is-layout-9d6595d7 wp-block-columns-is-layout-flex\">\n<div class=\"wp-block-column is-vertically-aligned-center is-layout-flow wp-block-column-is-layout-flow\" style=\"flex-basis:66.66%\">\n<p class=\"has-background\" style=\"background-color:#c6d9e7\"><strong>Unsere Qualit\u00e4tsphilosophie<\/strong><\/p>\n<\/div>\n\n\n\n<div class=\"wp-block-column is-layout-flow wp-block-column-is-layout-flow\" style=\"flex-basis:33.33%\"><\/div>\n<\/div>\n\n\n\n<ul class=\"wp-block-list\"><li>Wir arbeiten kundenorientiert<\/li><li>Wir verbessern unsere Leistungen st\u00e4ndig<\/li><li>Wir orientieren die Qualit\u00e4t unserer Dienstleistungen am Stand der Technik<\/li><li>Wir wollen wirtschaftlich arbeiten<\/li><\/ul>\n\n\n\n<p><\/p>\n\n\n\n<div class=\"wp-block-columns is-layout-flex wp-container-core-columns-is-layout-9d6595d7 wp-block-columns-is-layout-flex\">\n<div class=\"wp-block-column is-layout-flow wp-block-column-is-layout-flow\" style=\"flex-basis:66.66%\">\n<p class=\"has-background\" style=\"background-color:#cae0cf\"><strong>Gute Gr\u00fcnde mit uns zusammen zu arbeiten sind<\/strong><\/p>\n<\/div>\n\n\n\n<div class=\"wp-block-column is-layout-flow wp-block-column-is-layout-flow\" style=\"flex-basis:33.33%\"><\/div>\n<\/div>\n\n\n\n<p><strong>Erfolgreiche Projekte<\/strong><br>Wir haben seit 1995 in vielen Projekten erfolgreich beraten und ca. 100 Unternehmen erfolgreich zu den gew\u00fcnschten Zertifizierungen gef\u00fchrt.<\/p>\n\n\n\n<p><strong>Zielorientiert im Interesse unserer Kunden<\/strong><br>Wir unterst\u00fctzen zielgerichtet bei Ihren Aufgabenstellungen und arbeiten ausschlie\u00dflich in Ihrem Interesse.<\/p>\n\n\n\n<p><strong>Objektivit\u00e4t, Unabh\u00e4ngigkeit<\/strong><br>Wir sind herstellerneutral und produktunabh\u00e4ngig und f\u00fchren unvoreingenommene und objektive Beratungen durch.<\/p>\n\n\n\n<p><strong>Wirtschaftlichkeit<\/strong><br>Wir wickeln Projekte effektiv und rationell ab, da wir branchenorientiert arbeiten und dadurch unseren Kunden praxisorientierte und erprobte L\u00f6sungen vorschlagen k\u00f6nnen.<\/p>\n<\/div><\/div><\/div>\n\n\n\n<div class=\"wp-block-kadence-pane kt-accordion-pane kt-accordion-pane-2 kt-pane_d887e0-3e\"><div class=\"kt-accordion-header-wrap\"><button class=\"kt-blocks-accordion-header kt-acccordion-button-label-show\"><span class=\"kt-blocks-accordion-title-wrap\"><span class=\"kt-blocks-accordion-title\">das Team<\/span><\/span><span class=\"kt-blocks-accordion-icon-trigger\"><\/span><\/button><\/div><div class=\"kt-accordion-panel kt-accordion-panel-hidden\"><div class=\"kt-accordion-panel-inner\">\n<p>Dr.-Ing. Joachim Hollatz<\/p>\n\n\n\n<p>Dipl.-Ing. Birgit Niemann-Hollatz<\/p>\n\n\n\n<p>Dipl.-Ing. (FH) Katharina M\u00fcller<\/p>\n<\/div><\/div><\/div>\n\n\n\n<div class=\"wp-block-kadence-pane kt-accordion-pane kt-accordion-pane-10 kt-pane_1214ca-cb\"><div class=\"kt-accordion-header-wrap\"><button class=\"kt-blocks-accordion-header kt-acccordion-button-label-show\"><span class=\"kt-blocks-accordion-title-wrap\"><span class=\"kt-blocks-accordion-title\">die Partner<\/span><\/span><span class=\"kt-blocks-accordion-icon-trigger\"><\/span><\/button><\/div><div class=\"kt-accordion-panel kt-accordion-panel-hidden\"><div class=\"kt-accordion-panel-inner\">\n<h5 class=\"wp-block-heading\"><mark style=\"background-color:rgba(0, 0, 0, 0)\" class=\"has-inline-color has-neve-link-hover-color-color\">CLC Beratung und Auditierung<\/mark><\/h5>\n\n\n\n<p>Moorstra\u00dfe 23<br>49545 Tecklenburg<br>Tel.: 05455 &#8211; 55 69 423<br>Mobil: 0172 \u2013 493 18 13<br>Ansprechpartner: Christian Leugers<\/p>\n\n\n\n<h5 class=\"wp-block-heading\" id=\"wasser-wirtschaft-unternehmensberatungen\"><mark style=\"background-color:rgba(0, 0, 0, 0)\" class=\"has-inline-color has-neve-link-hover-color-color\">Wasser &amp; Wirtschaft \u2013 Unternehmensberatungen<\/mark><\/h5>\n\n\n\n<p>Lindenbreite 22<br>37647 Polle<br>Tel.: 05535 \u2013 999 871<br>Mobil: 0174 \u2013 3000 577<br>Ansprechpartner: Dipl.-Betriebswirt Henning Stegie<\/p>\n<\/div><\/div><\/div>\n<\/div><\/div><\/div>\n","protected":false},"excerpt":{"rendered":"","protected":false},"author":1,"featured_media":0,"parent":0,"menu_order":0,"comment_status":"closed","ping_status":"closed","template":"","meta":{"neve_meta_sidebar":"","neve_meta_container":"","neve_meta_enable_content_width":"","neve_meta_content_width":0,"neve_meta_title_alignment":"","neve_meta_author_avatar":"","neve_post_elements_order":"","neve_meta_disable_header":"","neve_meta_disable_footer":"","neve_meta_disable_title":"","footnotes":""},"class_list":["post-43","page","type-page","status-publish","hentry"],"_links":{"self":[{"href":"https:\/\/www.hollatz-beratung.de\/index.php?rest_route=\/wp\/v2\/pages\/43","targetHints":{"allow":["GET"]}}],"collection":[{"href":"https:\/\/www.hollatz-beratung.de\/index.php?rest_route=\/wp\/v2\/pages"}],"about":[{"href":"https:\/\/www.hollatz-beratung.de\/index.php?rest_route=\/wp\/v2\/types\/page"}],"author":[{"embeddable":true,"href":"https:\/\/www.hollatz-beratung.de\/index.php?rest_route=\/wp\/v2\/users\/1"}],"replies":[{"embeddable":true,"href":"https:\/\/www.hollatz-beratung.de\/index.php?rest_route=%2Fwp%2Fv2%2Fcomments&post=43"}],"version-history":[{"count":23,"href":"https:\/\/www.hollatz-beratung.de\/index.php?rest_route=\/wp\/v2\/pages\/43\/revisions"}],"predecessor-version":[{"id":258,"href":"https:\/\/www.hollatz-beratung.de\/index.php?rest_route=\/wp\/v2\/pages\/43\/revisions\/258"}],"wp:attachment":[{"href":"https:\/\/www.hollatz-beratung.de\/index.php?rest_route=%2Fwp%2Fv2%2Fmedia&parent=43"}],"curies":[{"name":"wp","href":"https:\/\/api.w.org\/{rel}","templated":true}]}}