{"id":3,"date":"2022-02-03T20:26:25","date_gmt":"2022-02-03T19:26:25","guid":{"rendered":"https:\/\/www.hollatz-beratung.de\/hollatz\/?page_id=3"},"modified":"2022-05-07T20:13:00","modified_gmt":"2022-05-07T18:13:00","slug":"datenschutzerklaerung","status":"publish","type":"page","link":"https:\/\/www.hollatz-beratung.de\/?page_id=3","title":{"rendered":"Impressum &#038; Datenschutzerkl\u00e4rung"},"content":{"rendered":"\n<div class=\"wp-block-cover is-light\" style=\"min-height:122px;aspect-ratio:unset;\"><span aria-hidden=\"true\" class=\"has-background-dim-0 wp-block-cover__gradient-background has-background-dim\"><\/span><img loading=\"lazy\" decoding=\"async\" width=\"2560\" height=\"328\" class=\"wp-block-cover__image-background wp-image-223\" alt=\"\" src=\"https:\/\/www.hollatz-beratung.de\/hollatz\/wp-content\/uploads\/2022\/05\/mauer-scaled.jpg\" data-object-fit=\"cover\" srcset=\"https:\/\/www.hollatz-beratung.de\/hollatz\/wp-content\/uploads\/2022\/05\/mauer-scaled.jpg 2560w, https:\/\/www.hollatz-beratung.de\/hollatz\/wp-content\/uploads\/2022\/05\/mauer-300x38.jpg 300w, https:\/\/www.hollatz-beratung.de\/hollatz\/wp-content\/uploads\/2022\/05\/mauer-1024x131.jpg 1024w, https:\/\/www.hollatz-beratung.de\/hollatz\/wp-content\/uploads\/2022\/05\/mauer-768x98.jpg 768w, https:\/\/www.hollatz-beratung.de\/hollatz\/wp-content\/uploads\/2022\/05\/mauer-1536x197.jpg 1536w, https:\/\/www.hollatz-beratung.de\/hollatz\/wp-content\/uploads\/2022\/05\/mauer-2048x262.jpg 2048w\" sizes=\"auto, (max-width: 2560px) 100vw, 2560px\" \/><div class=\"wp-block-cover__inner-container is-layout-flow wp-block-cover-is-layout-flow\">\n<p class=\"has-text-align-center has-large-font-size\"><\/p>\n<\/div><\/div>\n\n\n\n<div style=\"height:100px\" aria-hidden=\"true\" class=\"wp-block-spacer\"><\/div>\n\n\n\n<h2 class=\"wp-block-heading\" id=\"impressum\">Impressum<\/h2>\n\n\n\n<p><strong>Gesch\u00e4ftsf\u00fchrer:\u00a0<\/strong>Dr.-Ing. Joachim Hollatz<strong><br>Anschrift:<\/strong> Iburgweg 5,\u00a033332 G\u00fctersloh<strong><br>Telefon:<\/strong>\u00a005241 &#8211; 580907<strong><br>E-Mail:<\/strong>\u00a0Info@Hollatz-Beratung.de <\/p>\n\n\n\n<p><strong>Umsatzsteuer-Identifikationsnummer<\/strong><br>gem\u00e4\u00df \u00a7 27 a Umsatzsteuergesetz (UStG): DE 351 5101 0123<\/p>\n\n\n\n<h2 class=\"wp-block-heading\" id=\"rechtliche-hinweise\">Rechtliche Hinweise<\/h2>\n\n\n\n<p>Alle Angaben unseres Internetangebotes wurden sorgf\u00e4ltig gepr\u00fcft. Wir bem\u00fchen uns, dieses Informationsangebot aktuell und inhaltlich richtig sowie vollst\u00e4ndig anzubieten. Dennoch ist das Auftreten von Fehlern nicht v\u00f6llig auszuschlie\u00dfen. Eine Garantie f\u00fcr die Vollst\u00e4ndigkeit, Richtigkeit und letzte Aktualit\u00e4t kann daher nicht \u00fcbernommen werden.<\/p>\n\n\n\n<p>Der Herausgeber kann diese Website nach eigenem Ermessen jederzeit ohne Ank\u00fcndigung ver\u00e4ndern und \/ oder deren Betrieb einstellen. Er ist nicht verpflichtet, Inhalte dieser Website zu aktualisieren.<\/p>\n\n\n\n<p>Der Zugang und die Benutzung dieser Website geschieht auf eigene Gefahr des Benutzers. Die Dr. Hollatz Unternehmensberatung ist nicht verantwortlich und \u00fcbernimmt keinerlei Haftung f\u00fcr Sch\u00e4den, u.a. f\u00fcr direkte, indirekte, zuf\u00e4llige, vorab konkret zu bestimmende oder Folgesch\u00e4den, die angeblich durch den oder in Verbindung mit dem Zugang und\/oder der Benutzung dieser Website aufgetreten sind.<\/p>\n\n\n\n<p>Der Betreiber \u00fcbernimmt keine Verantwortung f\u00fcr die Inhalte und die Verf\u00fcgbarkeit von Websites Dritter, die \u00fcber externe Links dieses Informationsangebotes erreicht werden. Der Herausgeber distanziert sich ausdr\u00fccklich von allen Inhalten, die m\u00f6glicherweise straf- oder haftungsrechtlich relevant sind oder gegen die guten Sitten versto\u00dfen.<\/p>\n\n\n\n<p>(Rechtliche Hinweise \u00fcbernommen aus dem Impressum des Bundesministerium der Justiz und f\u00fcr Verbraucherschutz)<\/p>\n\n\n\n<h2 class=\"wp-block-heading\" id=\"cookies-1\">Cookies<\/h2>\n\n\n\n<p>Diese Seite dient Ihrer Information, nicht unserer. Wir nutzen keine Cookies.<\/p>\n\n\n\n<p><a href=\"https:\/\/www.hollatz-beratung.de\/s\/cc_images\/teaserbox_9001298.png?t=1523016629\"><\/a><\/p>\n\n\n\n<h1 class=\"wp-block-heading\" id=\"datenschutzerklarung\">Datenschutzerkl\u00e4rung<\/h1>\n\n\n\n<p>Verantwortliche Stelle im Sinne der Datenschutzgesetze ist:<\/p>\n\n\n\n<p>Dr. Ing. Joachim Hollatz<\/p>\n\n\n\n<p><strong>Kontakt<\/strong><\/p>\n\n\n\n<p>Treten Sie per E-Mail oder telefonisch mit uns in Kontakt, werden die von Ihnen gemachten Angaben zum Zwecke der Bearbeitung der Anfrage sowie f\u00fcr m\u00f6gliche Anschlussfragen gespeichert.<\/p>\n\n\n\n<p class=\"has-background\" style=\"background-color:#abcad5\"><strong>Ihre Rechte auf Auskunft, Berichtigung, Sperre, L\u00f6schung und Widerspruch<\/strong><br>Sie haben das Recht, jederzeit Auskunft \u00fcber Ihre bei uns gespeicherten personenbezogenen Daten zu erhalten. Ebenso haben Sie das Recht auf Berichtigung, Sperrung, oder, abgesehen von der vorgeschriebenen Datenspeicherung zur Gesch\u00e4ftsabwicklung, L\u00f6schung Ihrer personenbezogenen Daten.<\/p>\n\n\n\n<p>Bitte kontaktieren Sie uns unter der im Impressum angegeben Adresse. Damit eine Sperre von Daten jederzeit ber\u00fccksichtigt werden kann, m\u00fcssen diese Daten zu Kontrollzwecken in einer Sperrdatei vorgehalten werden.&nbsp;Sie k\u00f6nnen \u00c4nderungen oder den Widerruf einer Einwilligung durch entsprechende Mitteilung an uns mit Wirkung f\u00fcr die Zukunft vornehmen.<\/p>\n\n\n\n<p>\u00c4nderung unserer Datenschutzbestimmungen<\/p>\n\n\n\n<p>Wir behalten uns vor, diese Datenschutzerkl\u00e4rung gelegentlich anzupassen, damit sie stets den aktuellen rechtlichen Anforderungen entspricht oder um \u00c4nderungen unserer Leistungen in der Datenschutzerkl\u00e4rung umzusetzen, z. B. bei der Einf\u00fchrung neuer Services. F\u00fcr Ihren erneuten Besuch gilt dann die neue Datenschutzerkl\u00e4rung. Wenn Sie Fragen zum Datenschutz haben, schreiben Sie uns bitte eine E-Mail.<\/p>\n","protected":false},"excerpt":{"rendered":"<p>Impressum Gesch\u00e4ftsf\u00fchrer:\u00a0Dr.-Ing. Joachim HollatzAnschrift: Iburgweg 5,\u00a033332 G\u00fcterslohTelefon:\u00a005241 &#8211; 580907E-Mail:\u00a0Info@Hollatz-Beratung.de Umsatzsteuer-Identifikationsnummergem\u00e4\u00df \u00a7 27 a Umsatzsteuergesetz (UStG): DE 351 5101 0123 Rechtliche Hinweise Alle Angaben unseres Internetangebotes wurden sorgf\u00e4ltig gepr\u00fcft. Wir bem\u00fchen uns, dieses Informationsangebot aktuell und inhaltlich richtig sowie vollst\u00e4ndig anzubieten. Dennoch ist das Auftreten von Fehlern nicht v\u00f6llig auszuschlie\u00dfen. Eine Garantie f\u00fcr die Vollst\u00e4ndigkeit, Richtigkeit&hellip;&nbsp;<a href=\"https:\/\/www.hollatz-beratung.de\/?page_id=3\" class=\"\" rel=\"bookmark\">Weiterlesen &raquo;<span class=\"screen-reader-text\">Impressum &#038; Datenschutzerkl\u00e4rung<\/span><\/a><\/p>\n","protected":false},"author":1,"featured_media":0,"parent":0,"menu_order":0,"comment_status":"closed","ping_status":"open","template":"","meta":{"neve_meta_sidebar":"","neve_meta_container":"","neve_meta_enable_content_width":"","neve_meta_content_width":0,"neve_meta_title_alignment":"","neve_meta_author_avatar":"","neve_post_elements_order":"","neve_meta_disable_header":"","neve_meta_disable_footer":"","neve_meta_disable_title":"","footnotes":""},"class_list":["post-3","page","type-page","status-publish","hentry"],"_links":{"self":[{"href":"https:\/\/www.hollatz-beratung.de\/index.php?rest_route=\/wp\/v2\/pages\/3","targetHints":{"allow":["GET"]}}],"collection":[{"href":"https:\/\/www.hollatz-beratung.de\/index.php?rest_route=\/wp\/v2\/pages"}],"about":[{"href":"https:\/\/www.hollatz-beratung.de\/index.php?rest_route=\/wp\/v2\/types\/page"}],"author":[{"embeddable":true,"href":"https:\/\/www.hollatz-beratung.de\/index.php?rest_route=\/wp\/v2\/users\/1"}],"replies":[{"embeddable":true,"href":"https:\/\/www.hollatz-beratung.de\/index.php?rest_route=%2Fwp%2Fv2%2Fcomments&post=3"}],"version-history":[{"count":10,"href":"https:\/\/www.hollatz-beratung.de\/index.php?rest_route=\/wp\/v2\/pages\/3\/revisions"}],"predecessor-version":[{"id":227,"href":"https:\/\/www.hollatz-beratung.de\/index.php?rest_route=\/wp\/v2\/pages\/3\/revisions\/227"}],"wp:attachment":[{"href":"https:\/\/www.hollatz-beratung.de\/index.php?rest_route=%2Fwp%2Fv2%2Fmedia&parent=3"}],"curies":[{"name":"wp","href":"https:\/\/api.w.org\/{rel}","templated":true}]}}